{"id":1085,"date":"2014-07-18T10:29:34","date_gmt":"2014-07-18T10:29:34","guid":{"rendered":"http:\/\/apicona-data.thememount.com\/?page_id=4"},"modified":"2023-10-27T08:19:29","modified_gmt":"2023-10-27T08:19:29","slug":"front-page","status":"publish","type":"page","link":"https:\/\/www.austral.edu.ar\/escueladegobierno\/casoteca\/","title":{"rendered":"Front Page"},"content":{"rendered":"<div class=\"wpb-content-wrapper\"><p>[vc_row textcolor=&#8221;white&#8221; bgtype=&#8221;skin&#8221; css=&#8221;.vc_custom_1452659452948{margin-bottom: 0px !important;padding-top: 45px !important;padding-right: 0px !important;padding-bottom: 0px !important;padding-left: 0px !important;}&#8221; bgprecolor=&#8221;skin&#8221;][vc_column][vc_cta h2=&#8221;CASOTECA DE POL\u00cdTICAS P\u00daBLICAS&#8221; h2_font_container=&#8221;color:%23ffffff&#8221; h2_use_theme_fonts=&#8221;yes&#8221; txt_align=&#8221;center&#8221; style=&#8221;classic&#8221; color=&#8221;skincolor&#8221; use_custom_fonts_h2=&#8221;true&#8221; css=&#8221;.vc_custom_1487720669034{background-color: #194c94 !important;}&#8221;][\/vc_cta][\/vc_column][\/vc_row][vc_row bgtype=&#8221;dark&#8221; parallax=&#8221;true&#8221; bgcolor=&#8221;white&#8221; paddingtop=&#8221;40px&#8221; contentalign=&#8221;center&#8221; rowwidth=&#8221;default&#8221; bgimageposition=&#8221;fixed&#8221; bgprecolor=&#8221;skin&#8221; css=&#8221;.vc_custom_1487790424235{padding-bottom: 50px !important;background-image: url(www.austral.edu.ar\/escueladegobierno\/casoteca\/wp-content\/uploads\/2017\/02\/libraries-min.jpg?id=2073) !important;background-position: center;background-repeat: no-repeat;background-size:cover !important;}&#8221;][vc_column width=&#8221;1\/3&#8243;]<section class=\"thememount-servicebox thememount-servicebox-centericon wpb_animate_when_almost_visible wpb_appear wpb_start_animation none \"><div class=\"thememount-servicebox-title-wrapper\"><div class=\"thememount-icon-wrapper-center\"><i class=\"thememount-icon tmicon-fa-check icon-size-large thememount-ibgcolor thememount-ibgcolor-skincolor\"><\/i><\/div><h2 class=\"thememount-servicebox-title\">CASOS APROBADOS<\/h2><h4 class=\"thememount-servicebox-subtitle\">Por un consejo acad\u00e9mico<\/h4><div class=\"thememount-servicebox-content\"><p>La selecci\u00f3n y aprobaci\u00f3n de los casos se ha realizado teniendo en cuenta la necesidad de contribuir a la formaci\u00f3n de los profesionales de la administraci\u00f3n p\u00fablica, en particular en lo atinente al dise\u00f1o, ejecuci\u00f3n y evaluaci\u00f3n de pol\u00edticas.<\/p><\/div><\/div><\/section>[\/vc_column][vc_column width=&#8221;1\/3&#8243;]<section class=\"thememount-servicebox thememount-servicebox-centericon wpb_animate_when_almost_visible wpb_appear wpb_start_animation none \"><div class=\"thememount-servicebox-title-wrapper\"><div class=\"thememount-icon-wrapper-center\"><i class=\"thememount-icon tmicon-fa-edit icon-size-large thememount-ibgcolor thememount-ibgcolor-skincolor\"><\/i><\/div><h2 class=\"thememount-servicebox-title\">CASOS RELEVANTES<\/h2><h4 class=\"thememount-servicebox-subtitle\">Criterios tenidos en cuenta a la hora de la selecci\u00f3n<\/h4><div class=\"thememount-servicebox-content\"><p>Los casos seleccionados cubren un amplio espectro de temas relacionados con las pol\u00edticas p\u00fablicas. Se trata de analizar situaciones y problemas concretos, con los cuales los alumnos puedan identificarse, participar, debatir, tomar diferentes posturas y argumentar los fundamentos de la soluci\u00f3n propuesta.<\/p><\/div><\/div><\/section>[\/vc_column][vc_column width=&#8221;1\/3&#8243;]<section class=\"thememount-servicebox thememount-servicebox-centericon wpb_animate_when_almost_visible wpb_appear wpb_start_animation none \"><div class=\"thememount-servicebox-title-wrapper\"><div class=\"thememount-icon-wrapper-center\"><i class=\"thememount-icon tmicon-fa-bank icon-size-large thememount-ibgcolor thememount-ibgcolor-skincolor\"><\/i><\/div><h2 class=\"thememount-servicebox-title\">CONTRIBUYEN A LA FORMACI\u00d3N DE LOS FUNCIONARIOS P\u00daBLICOS<\/h2><h4 class=\"thememount-servicebox-subtitle\">Se usan para la formaci\u00f3n y mejora profesional de los funcionarios p\u00fablicos<\/h4><div class=\"thememount-servicebox-content\"><p>Contar con una CASOTECA, que tenga por detr\u00e1s una s\u00f3lida tarea de investigaci\u00f3n en la elaboraci\u00f3n de cada uno de los casos, contribuir\u00e1 a mejorar la calidad de la oferta de formaci\u00f3n en los \u00e1mbitos de la gesti\u00f3n p\u00fablica y favorecer\u00e1 las posibilidades de sinergias entre el mundo acad\u00e9mico, referentes sociales y actores gubernamentales.<\/p><\/div><\/div><\/section>[\/vc_column][\/vc_row][vc_row parallax=&#8221;true&#8221; bgcolor=&#8221;dark&#8221; bgimage=&#8221;http:\/\/addyson-data.thememount.com\/wp-content\/uploads\/2013\/12\/parralaxbg.jpg&#8221; contentalign=&#8221;default&#8221; rowwidth=&#8221;wide&#8221; bgimageposition=&#8221;fixed&#8221; css=&#8221;.vc_custom_1487791086392{padding-bottom: 25px !important;background-image: url(www.austral.edu.ar\/escueladegobierno\/casoteca\/wp-content\/uploads\/2014\/07\/fondo_home-1024&#215;358-min.png?id=2079) !important;background-position: center;background-repeat: no-repeat;background-size:cover !important;}&#8221; bgprecolor=&#8221;dark&#8221; coloroverlay=&#8221;true&#8221;][vc_column css=&#8221;.vc_custom_1698394761350{margin-top: 40px !important;}&#8221;]<header class=\"thememount-heading-wrapper thememount-heading-wrapper-align-center\"><div class=\"thememount-heading-wrapper-inner\"><h2 class=\"thememount-heading-align-center\"><span>CASOS M\u00c1S RECIENTES<\/span><\/h2><\/div><p class=\"thememount-subheading\">\u00daltimos casos agregados a la CASOTECA<\/p><\/header>[vc_basic_grid post_type=&#8221;post&#8221; max_items=&#8221;12&#8243; style=&#8221;pagination&#8221; items_per_page=&#8221;6&#8243; item=&#8221;2143&#8243; grid_id=&#8221;vc_gid:1698394727326-3ef13238-f30f-10&#8243;][\/vc_column][\/vc_row][vc_row parallax=&#8221;true&#8221; bgcolor=&#8221;white&#8221; contentalign=&#8221;default&#8221; bgimageposition=&#8221;fixed&#8221; bgprecolor=&#8221;grey&#8221; css=&#8221;.vc_custom_1487791127906{background-image: url(www.austral.edu.ar\/escueladegobierno\/casoteca\/wp-content\/uploads\/2014\/07\/fondo_home-1024&#215;358-min.png?id=2079) !important;background-position: center;background-repeat: no-repeat;background-size:cover !important;}&#8221;][vc_column][vc_empty_space height=&#8221;40px&#8221;]<div class=\"thememount_swi_wrapper thememount_icon_separator thememount_icon_separator\">\n\t\t<span class=\"thememount_swi_holder thememount_swi_holder_l\"><span class=\"vc_sep_line\"><\/span><\/span>\n\t\t<i class=\"tmicon-fa-bank\"><\/i>\n\t\t<span class=\"thememount_swi_holder thememount_swi_holder_r\"><span class=\"vc_sep_line\"><\/span><\/span>\n\t<\/div>[vc_empty_space height=&#8221;45px&#8221;][\/vc_column][\/vc_row]<\/p>\n<\/div>","protected":false},"excerpt":{"rendered":"<p>[vc_row textcolor=&#8221;white&#8221; bgtype=&#8221;skin&#8221; css=&#8221;.vc_custom_1452659452948{margin-bottom: 0px !important;padding-top: 45px !important;padding-right: 0px !important;padding-bottom: 0px !important;padding-left: 0px !important;}&#8221; bgprecolor=&#8221;skin&#8221;][vc_column][vc_cta h2=&#8221;CASOTECA DE POL\u00cdTICAS P\u00daBLICAS&#8221; h2_font_container=&#8221;color:%23ffffff&#8221; h2_use_theme_fonts=&#8221;yes&#8221; txt_align=&#8221;center&#8221; style=&#8221;classic&#8221; color=&#8221;skincolor&#8221; use_custom_fonts_h2=&#8221;true&#8221; css=&#8221;.vc_custom_1487720669034{background-color: #194c94 !important;}&#8221;][\/vc_cta][\/vc_column][\/vc_row][vc_row bgtype=&#8221;dark&#8221; parallax=&#8221;true&#8221; bgcolor=&#8221;white&#8221; paddingtop=&#8221;40px&#8221; contentalign=&#8221;center&#8221; rowwidth=&#8221;default&#8221; bgimageposition=&#8221;fixed&#8221; bgprecolor=&#8221;skin&#8221; css=&#8221;.vc_custom_1487790424235{padding-bottom: 50px !important;background-image: url(www.austral.edu.ar\/escueladegobierno\/casoteca\/wp-content\/uploads\/2017\/02\/libraries-min.jpg?id=2073) !important;background-position: center;background-repeat: no-repeat;background-size:cover !important;}&#8221;][vc_column width=&#8221;1\/3&#8243;][\/vc_column][vc_column width=&#8221;1\/3&#8243;][\/vc_column][vc_column width=&#8221;1\/3&#8243;][\/vc_column][\/vc_row][vc_row parallax=&#8221;true&#8221; bgcolor=&#8221;dark&#8221; bgimage=&#8221;http:\/\/addyson-data.thememount.com\/wp-content\/uploads\/2013\/12\/parralaxbg.jpg&#8221; contentalign=&#8221;default&#8221; rowwidth=&#8221;wide&#8221; bgimageposition=&#8221;fixed&#8221; css=&#8221;.vc_custom_1487791086392{padding-bottom: 25px [&hellip;]<\/p>\n","protected":false},"author":1,"featured_media":0,"parent":0,"menu_order":0,"comment_status":"closed","ping_status":"closed","template":"","meta":{"footnotes":""},"_links":{"self":[{"href":"https:\/\/www.austral.edu.ar\/escueladegobierno\/casoteca\/index.php\/wp-json\/wp\/v2\/pages\/1085"}],"collection":[{"href":"https:\/\/www.austral.edu.ar\/escueladegobierno\/casoteca\/index.php\/wp-json\/wp\/v2\/pages"}],"about":[{"href":"https:\/\/www.austral.edu.ar\/escueladegobierno\/casoteca\/index.php\/wp-json\/wp\/v2\/types\/page"}],"author":[{"embeddable":true,"href":"https:\/\/www.austral.edu.ar\/escueladegobierno\/casoteca\/index.php\/wp-json\/wp\/v2\/users\/1"}],"replies":[{"embeddable":true,"href":"https:\/\/www.austral.edu.ar\/escueladegobierno\/casoteca\/index.php\/wp-json\/wp\/v2\/comments?post=1085"}],"version-history":[{"count":43,"href":"https:\/\/www.austral.edu.ar\/escueladegobierno\/casoteca\/index.php\/wp-json\/wp\/v2\/pages\/1085\/revisions"}],"predecessor-version":[{"id":2672,"href":"https:\/\/www.austral.edu.ar\/escueladegobierno\/casoteca\/index.php\/wp-json\/wp\/v2\/pages\/1085\/revisions\/2672"}],"wp:attachment":[{"href":"https:\/\/www.austral.edu.ar\/escueladegobierno\/casoteca\/index.php\/wp-json\/wp\/v2\/media?parent=1085"}],"curies":[{"name":"wp","href":"https:\/\/api.w.org\/{rel}","templated":true}]}}